{"id":109,"date":"2015-07-23T11:10:51","date_gmt":"2015-07-23T11:10:51","guid":{"rendered":"http:\/\/demo.themegrill.com\/colornews\/?page_id=109"},"modified":"2022-02-07T20:16:28","modified_gmt":"2022-02-07T20:16:28","slug":"contact-us","status":"publish","type":"page","link":"http:\/\/sedeftasimacilik.com\/?page_id=109","title":{"rendered":"Hakk\u0131m\u0131zda"},"content":{"rendered":"\n<hr class=\"wp-block-separator\"\/>\n\n\n\n<p>Sedef turizm 2002 y\u0131l\u0131ndan bu yana ba\u015fta \u0130stanbul  t\u00fcm il\u00e7elerin hemen hemen o\u011funu \u00e7ekmekteyiz<\/p>\n\n\n\n<p>\u00dclkemizin \u00f6nde gelen sanayi ve&nbsp; kurumsal \u015firketlerini&nbsp; e\u011fitim kurumlar\u0131n\u0131 hizmet portf\u00f6y\u00fcne katarak s\u00fcrd\u00fcr\u00fclebilir b\u00fcy\u00fcmeyi sa\u011flamaktad\u0131r.<\/p>\n\n\n\n<p>sedef turizm sundu\u011fu konfor verdi\u011fi g\u00fcven ile m\u00fc\u015fteri odakl\u0131 \u00e7\u00f6z\u00fcme y\u00f6nelik personeli sizlerin her zaman yan\u0131nda olacakt\u0131r<\/p>\n\n\n\n<p><strong>Amac\u0131m\u0131z<\/strong><\/p>\n\n\n\n<p>Hizmet sundu\u011fumuz ta\u015f\u0131mac\u0131l\u0131k alan\u0131nda g\u00fcven ve kalite ile \u00f6nc\u00fc olmay\u0131 ilke edinen firmam\u0131z, kurumsal alanda ya\u015fanan yenilik ve geli\u015fimleri de \u00f6nc\u00fc pozisyonunda s\u00fcrd\u00fcrmeyi ama\u00e7lamaktad\u0131r. Temel amac\u0131m\u0131z hizmet verdi\u011fimiz personel, \u00f6\u011frenci ve V\u0130P ta\u015f\u0131mac\u0131l\u0131\u011f\u0131nda g\u00fclery\u00fczl\u00fc personelimizle g\u00fcvenli \u015fekilde ula\u015f\u0131m\u0131 sa\u011flamak ve m\u00fc\u015fteri memnuniyetini en \u00fcst \u00e7\u0131tada tutmakt\u0131r.<\/p>\n","protected":false},"excerpt":{"rendered":"<p>Sedef turizm 2002 y\u0131l\u0131ndan bu yana ba\u015fta \u0130stanbul t\u00fcm il\u00e7elerin hemen hemen o\u011funu \u00e7ekmekteyiz \u00dclkemizin \u00f6nde gelen sanayi ve&nbsp; kurumsal \u015firketlerini&nbsp; e\u011fitim kurumlar\u0131n\u0131 hizmet<\/p>\n","protected":false},"author":1,"featured_media":0,"parent":0,"menu_order":0,"comment_status":"closed","ping_status":"closed","template":"page-templates\/contact.php","meta":{"footnotes":""},"class_list":["post-109","page","type-page","status-publish","hentry"],"_links":{"self":[{"href":"http:\/\/sedeftasimacilik.com\/index.php?rest_route=\/wp\/v2\/pages\/109","targetHints":{"allow":["GET"]}}],"collection":[{"href":"http:\/\/sedeftasimacilik.com\/index.php?rest_route=\/wp\/v2\/pages"}],"about":[{"href":"http:\/\/sedeftasimacilik.com\/index.php?rest_route=\/wp\/v2\/types\/page"}],"author":[{"embeddable":true,"href":"http:\/\/sedeftasimacilik.com\/index.php?rest_route=\/wp\/v2\/users\/1"}],"replies":[{"embeddable":true,"href":"http:\/\/sedeftasimacilik.com\/index.php?rest_route=%2Fwp%2Fv2%2Fcomments&post=109"}],"version-history":[{"count":3,"href":"http:\/\/sedeftasimacilik.com\/index.php?rest_route=\/wp\/v2\/pages\/109\/revisions"}],"predecessor-version":[{"id":713,"href":"http:\/\/sedeftasimacilik.com\/index.php?rest_route=\/wp\/v2\/pages\/109\/revisions\/713"}],"wp:attachment":[{"href":"http:\/\/sedeftasimacilik.com\/index.php?rest_route=%2Fwp%2Fv2%2Fmedia&parent=109"}],"curies":[{"name":"wp","href":"https:\/\/api.w.org\/{rel}","templated":true}]}}