{"id":698,"date":"2022-02-07T20:02:43","date_gmt":"2022-02-07T20:02:43","guid":{"rendered":"http:\/\/sedeftasimacilik.com\/?page_id=698"},"modified":"2022-02-07T20:02:44","modified_gmt":"2022-02-07T20:02:44","slug":"ogrenci-servis-tasimaciligi","status":"publish","type":"page","link":"http:\/\/sedeftasimacilik.com\/?page_id=698","title":{"rendered":"\u00d6\u011frenci Servis Ta\u015f\u0131mac\u0131l\u0131\u011f\u0131"},"content":{"rendered":"\n<p>Ta\u015f\u0131ma ve ula\u015ft\u0131rma alan\u0131na s\u00fcrekli ihtiya\u00e7 duymaktay\u0131z. Yeni nesil sistemlerimiz ve beklentilerinizi kar\u015f\u0131layacak hizmet alan\u0131m\u0131z ile okul ve\u00a0\u00f6\u011frenci ta\u015f\u0131mac\u0131l\u0131\u011f\u0131\u00a0kategorisinde sizlere daima destek olmaktay\u0131z. Sedef Turizm ge\u00e7mi\u015f y\u0131llardan beridir verdi\u011fimiz hizmet kalitesi ve benimsedi\u011fimiz prensiplerle\u00a0okul ta\u015f\u0131mac\u0131l\u0131\u011f\u0131\u00a0sekt\u00f6r\u00fcnde de geni\u015f kitleye hitap etmekteyiz. Buda bizlerin iyi bir konuma eri\u015fmesini sa\u011flam\u0131\u015ft\u0131r. Sekt\u00f6re bak\u0131ld\u0131\u011f\u0131n da okul \u00f6\u011frenci servisi hizmeti hassasiyet ve g\u00fcven gerektiren aland\u0131r.\u00a0<\/p>\n\n\n\n<p>Hizmetimizi \u00f6\u011frenci servisi y\u00f6netmeli\u011fi ve servis ara\u00e7lar\u0131 hizmet y\u00f6netmeli\u011fi standartlar\u0131na uygun bir \u015fekilde yerine getirerek, m\u00fc\u015fteri memnuniyet ilkelerimizle birlikte \u00f6\u011frencilerimizi ticari g\u00f6rmekten daha \u00e7ok kendi \u00e7ocuklar\u0131m\u0131za verilen hizmet esas\u0131yla sunuyoruz. Bunu yaparken de benimsedi\u011fimiz ilkelerin asla d\u0131\u015f\u0131na \u00e7\u0131km\u0131yoruz.&nbsp;Okul ve \u00d6\u011frenci servisi&nbsp;konusunda kendimizden s\u00f6z ettirecek ilkelerle hareket etmekteyiz. Detayl\u0131 bak\u0131ld\u0131\u011f\u0131n da sekt\u00f6r i\u00e7erisinde al\u0131\u015f\u0131lm\u0131\u015f\u0131n d\u0131\u015f\u0131nda okul ta\u015f\u0131mac\u0131l\u0131\u011f\u0131 hizmeti sunmaktay\u0131z. Buda bir\u00e7ok ki\u015finin ve kurumun bizlerle \u00e7al\u0131\u015fmas\u0131na neden olmu\u015ftur. Gelecek d\u00f6nemlerde de kendimiz tekrarlamaktan ka\u00e7\u0131narak geli\u015ftirmeyi hedeflemekteyiz.<\/p>\n\n\n\n<p>Hizmet Alanlar\u0131m\u0131z<\/p>\n\n\n\n<p>\u00d6\u011frenci servisi&nbsp;konusunda firmam\u0131z\u0131n \u0130stanbul Avrupa yakas\u0131 ve Anadolu yakas\u0131nda Ana okul, ilk okul, orta okul ve di\u011fer \u00fcst \u00f6\u011fretim okullar\u0131na g\u00fcvenilir hizmetleri bulunmaktad\u0131r. Talep etti\u011finiz her b\u00f6lgeye ayn\u0131 hassasiyetle&nbsp;Okul Ta\u015f\u0131ma&nbsp;hizmeti sunmaktay\u0131z.&nbsp;<\/p>\n\n\n\n<p>Okul alan\u0131nda hizmet etti\u011fimiz gibi talep edildi\u011fi takdirde geziler i\u00e7inde sizlerle birlikte hareket etmekteyiz. Kapasitesi daha b\u00fcy\u00fck ara\u00e7lar\u0131m\u0131zla gezilerinize daha iyi bir \u015fekilde gidebilirsiniz. Bu konuda da sizlerin beklentilerini kar\u015f\u0131lamaktay\u0131z. \u00d6\u011frenci ta\u015f\u0131mac\u0131l\u0131\u011f\u0131 konusunda yap\u0131labilecek her seyahatte bulunmaktay\u0131z.&nbsp;<\/p>\n\n\n\n<p>Hassasiyetlerimiz<\/p>\n\n\n\n<p>Yukar\u0131da da belirtti\u011fimiz gibi her ta\u015f\u0131mac\u0131l\u0131k tecr\u00fcbe ve g\u00fcven esaslar\u0131na dayal\u0131d\u0131r. Fakat&nbsp;\u00f6\u011frenci servisi&nbsp;bunlar\u0131n \u00fcst d\u00fczeyde olmas\u0131 gerekti\u011finin g\u00f6stergesidir. Bu d\u00fc\u015f\u00fcnceyle hareket edilmedi\u011fi s\u00fcrece bir\u00e7ok sorunun ortaya \u00e7\u0131kmas\u0131 neredeyse an meselesidir.<\/p>\n\n\n\n<p>G\u00fcvenlikten asla \u00f6d\u00fcn vermemekteyiz,<\/p>\n\n\n\n<p>Ara\u00e7lar\u0131m\u0131z s\u00fcrekli kontrol alt\u0131ndad\u0131r,<\/p>\n\n\n\n<p>Personellerimizi testlerden ve s\u0131navlardan ge\u00e7irmekteyiz,<\/p>\n\n\n\n<p>M\u00fc\u015fterilerimizle iyi ili\u015fkiler kurmaya \u00f6zen g\u00f6stermekteyiz,<\/p>\n\n\n\n<p>Kendimizi geli\u015ftirmek i\u00e7in gereken \u00f6zveriyi yerine getirmekteyiz,<\/p>\n\n\n\n<p>\u00d6\u011frencilerimize konfor ve huzuru sunmaktay\u0131z,<\/p>\n\n\n\n<p>Takip sistemlerimiz ile ara\u00e7lar\u0131m\u0131z\u0131 her an takip etmekteyiz,<\/p>\n\n\n\n<p>Personellerimiz ile s\u00fcrekli ileti\u015fim kurmaktay\u0131z,<\/p>\n\n\n\n<p>Velileri ve kurumlar\u0131 saatlik raporlarla bilgilendirmekteyiz,<\/p>\n\n\n\n<p>Bunlar sadece \u00f6n planda tuttu\u011fumuz hassasiyetlerimizdir. Daha bir\u00e7ok hassasiyet g\u00f6sterdi\u011fimiz konu bulunmaktad\u0131r.&nbsp;<\/p>\n\n\n\n<p>Ara\u00e7lar\u0131m\u0131z<\/p>\n\n\n\n<p>Personellerimiz<\/p>\n\n\n\n<p>G\u00fcvenlik \u00d6nlemlerimiz<\/p>\n\n\n\n<p>Periyodik Bak\u0131mlar\u0131m\u0131z ve Personel S\u0131navlar\u0131m\u0131z<\/p>\n\n\n\n<p>Konforlu Ta\u015f\u0131ma<\/p>\n\n\n\n<p>Bilgilendirme<\/p>\n\n\n\n<p>Ula\u015f\u0131m ve Rota Sistemi<\/p>\n\n\n\n<p>Fiyatland\u0131rma<\/p>\n\n\n\n<p>M\u00fc\u015fteri Memnuniyeti<\/p>\n","protected":false},"excerpt":{"rendered":"<p>Ta\u015f\u0131ma ve ula\u015ft\u0131rma alan\u0131na s\u00fcrekli ihtiya\u00e7 duymaktay\u0131z. Yeni nesil sistemlerimiz ve beklentilerinizi kar\u015f\u0131layacak hizmet alan\u0131m\u0131z ile okul ve\u00a0\u00f6\u011frenci ta\u015f\u0131mac\u0131l\u0131\u011f\u0131\u00a0kategorisinde sizlere daima destek olmaktay\u0131z. Sedef<\/p>\n","protected":false},"author":1,"featured_media":0,"parent":0,"menu_order":0,"comment_status":"closed","ping_status":"closed","template":"","meta":{"footnotes":""},"class_list":["post-698","page","type-page","status-publish","hentry"],"_links":{"self":[{"href":"http:\/\/sedeftasimacilik.com\/index.php?rest_route=\/wp\/v2\/pages\/698","targetHints":{"allow":["GET"]}}],"collection":[{"href":"http:\/\/sedeftasimacilik.com\/index.php?rest_route=\/wp\/v2\/pages"}],"about":[{"href":"http:\/\/sedeftasimacilik.com\/index.php?rest_route=\/wp\/v2\/types\/page"}],"author":[{"embeddable":true,"href":"http:\/\/sedeftasimacilik.com\/index.php?rest_route=\/wp\/v2\/users\/1"}],"replies":[{"embeddable":true,"href":"http:\/\/sedeftasimacilik.com\/index.php?rest_route=%2Fwp%2Fv2%2Fcomments&post=698"}],"version-history":[{"count":1,"href":"http:\/\/sedeftasimacilik.com\/index.php?rest_route=\/wp\/v2\/pages\/698\/revisions"}],"predecessor-version":[{"id":701,"href":"http:\/\/sedeftasimacilik.com\/index.php?rest_route=\/wp\/v2\/pages\/698\/revisions\/701"}],"wp:attachment":[{"href":"http:\/\/sedeftasimacilik.com\/index.php?rest_route=%2Fwp%2Fv2%2Fmedia&parent=698"}],"curies":[{"name":"wp","href":"https:\/\/api.w.org\/{rel}","templated":true}]}}