{"id":715,"date":"2022-02-08T16:15:15","date_gmt":"2022-02-08T16:15:15","guid":{"rendered":"http:\/\/sedeftasimacilik.com\/?page_id=715"},"modified":"2022-02-08T17:12:56","modified_gmt":"2022-02-08T17:12:56","slug":"misyon-vizyon","status":"publish","type":"page","link":"http:\/\/sedeftasimacilik.com\/?page_id=715","title":{"rendered":"Misyon &#038; Vizyon"},"content":{"rendered":"\n<p class=\"has-large-font-size\">Ula\u015f\u0131mda m\u00fckemmelli\u011fi sa\u011flay\u0131p lider konumumuzu s\u00fcrd\u00fcrmek ve yeni sekt\u00f6rlerde faaliyet g\u00f6sterip grubumuzu&nbsp; Okul ve personel ta\u015f\u0131mak olacak<\/p>\n\n\n\n<figure class=\"wp-block-image size-full\"><img loading=\"lazy\" decoding=\"async\" width=\"569\" height=\"88\" src=\"http:\/\/sedeftasimacilik.com\/wp-content\/uploads\/2022\/02\/images-3.jpg\" alt=\"\" class=\"wp-image-744\" srcset=\"http:\/\/sedeftasimacilik.com\/wp-content\/uploads\/2022\/02\/images-3.jpg 569w, http:\/\/sedeftasimacilik.com\/wp-content\/uploads\/2022\/02\/images-3-300x46.jpg 300w\" sizes=\"auto, (max-width: 569px) 100vw, 569px\" \/><\/figure>\n\n\n\n<p class=\"has-large-font-size\">Misyon;<\/p>\n\n\n\n<p class=\"has-large-font-size\">\u00c7al\u0131\u015fanlar\u0131 ile birlikte m\u00fc\u015fterilerin beklentilerini en y\u00fcksek d\u00fczeyde kar\u015f\u0131layarak hayat\u0131n\u0131z\u0131 kolayla\u015ft\u0131racak \u00e7\u00f6z\u00fcmler \u00fcretmek.<\/p>\n","protected":false},"excerpt":{"rendered":"<p>Ula\u015f\u0131mda m\u00fckemmelli\u011fi sa\u011flay\u0131p lider konumumuzu s\u00fcrd\u00fcrmek ve yeni sekt\u00f6rlerde faaliyet g\u00f6sterip grubumuzu&nbsp; Okul ve personel ta\u015f\u0131mak olacak Misyon; \u00c7al\u0131\u015fanlar\u0131 ile birlikte m\u00fc\u015fterilerin beklentilerini en<\/p>\n","protected":false},"author":1,"featured_media":719,"parent":0,"menu_order":0,"comment_status":"closed","ping_status":"closed","template":"","meta":{"footnotes":""},"class_list":["post-715","page","type-page","status-publish","has-post-thumbnail","hentry"],"_links":{"self":[{"href":"http:\/\/sedeftasimacilik.com\/index.php?rest_route=\/wp\/v2\/pages\/715","targetHints":{"allow":["GET"]}}],"collection":[{"href":"http:\/\/sedeftasimacilik.com\/index.php?rest_route=\/wp\/v2\/pages"}],"about":[{"href":"http:\/\/sedeftasimacilik.com\/index.php?rest_route=\/wp\/v2\/types\/page"}],"author":[{"embeddable":true,"href":"http:\/\/sedeftasimacilik.com\/index.php?rest_route=\/wp\/v2\/users\/1"}],"replies":[{"embeddable":true,"href":"http:\/\/sedeftasimacilik.com\/index.php?rest_route=%2Fwp%2Fv2%2Fcomments&post=715"}],"version-history":[{"count":4,"href":"http:\/\/sedeftasimacilik.com\/index.php?rest_route=\/wp\/v2\/pages\/715\/revisions"}],"predecessor-version":[{"id":745,"href":"http:\/\/sedeftasimacilik.com\/index.php?rest_route=\/wp\/v2\/pages\/715\/revisions\/745"}],"wp:featuredmedia":[{"embeddable":true,"href":"http:\/\/sedeftasimacilik.com\/index.php?rest_route=\/wp\/v2\/media\/719"}],"wp:attachment":[{"href":"http:\/\/sedeftasimacilik.com\/index.php?rest_route=%2Fwp%2Fv2%2Fmedia&parent=715"}],"curies":[{"name":"wp","href":"https:\/\/api.w.org\/{rel}","templated":true}]}}