{"id":724,"date":"2022-02-08T16:25:34","date_gmt":"2022-02-08T16:25:34","guid":{"rendered":"http:\/\/sedeftasimacilik.com\/?page_id=724"},"modified":"2022-02-08T16:25:35","modified_gmt":"2022-02-08T16:25:35","slug":"kalite-politikamiz","status":"publish","type":"page","link":"http:\/\/sedeftasimacilik.com\/?page_id=724","title":{"rendered":"Kalite Politikam\u0131z"},"content":{"rendered":"\n<p class=\"has-large-font-size\">,Sedef turizm olarak \u00e7evreye ve topluma duyarl\u0131 sonu\u00e7 odakl\u0131 \u00e7al\u0131\u015fanlar\u0131 ile ISO 9001 kalite belgesi ilkelerine ba\u011fl\u0131 olarak do\u011fruluk d\u00fcr\u00fcstl\u00fck anlay\u0131\u015f\u0131ndan \u00f6d\u00fcn vermeden s\u00fcrd\u00fcr\u00fclebilir kaliteli hizmeti sa\u011flamakt\u0131r<\/p>\n\n\n\n<p class=\"has-large-font-size\"><strong>&nbsp;\u0130LKELERIMIZ:<\/strong><\/p>\n\n\n\n<p class=\"has-large-font-size\">E\u011fitimli Personel \u0130le G\u00fcvenli Ta\u015f\u0131ma Hizmeti Sunmak<\/p>\n\n\n\n<p class=\"has-large-font-size\">S\u00fcrekli M\u00fc\u015fteri Memnuniyetini Sa\u011flamak<\/p>\n\n\n\n<p class=\"has-large-font-size\">Teknolojiyi Ula\u015f\u0131ma Transfer Ederek Yeni Ara\u00e7larla Ta\u015f\u0131ma<\/p>\n","protected":false},"excerpt":{"rendered":"<p>,Sedef turizm olarak \u00e7evreye ve topluma duyarl\u0131 sonu\u00e7 odakl\u0131 \u00e7al\u0131\u015fanlar\u0131 ile ISO 9001 kalite belgesi ilkelerine ba\u011fl\u0131 olarak do\u011fruluk d\u00fcr\u00fcstl\u00fck anlay\u0131\u015f\u0131ndan \u00f6d\u00fcn vermeden s\u00fcrd\u00fcr\u00fclebilir<\/p>\n","protected":false},"author":1,"featured_media":719,"parent":0,"menu_order":0,"comment_status":"closed","ping_status":"closed","template":"","meta":{"footnotes":""},"class_list":["post-724","page","type-page","status-publish","has-post-thumbnail","hentry"],"_links":{"self":[{"href":"http:\/\/sedeftasimacilik.com\/index.php?rest_route=\/wp\/v2\/pages\/724","targetHints":{"allow":["GET"]}}],"collection":[{"href":"http:\/\/sedeftasimacilik.com\/index.php?rest_route=\/wp\/v2\/pages"}],"about":[{"href":"http:\/\/sedeftasimacilik.com\/index.php?rest_route=\/wp\/v2\/types\/page"}],"author":[{"embeddable":true,"href":"http:\/\/sedeftasimacilik.com\/index.php?rest_route=\/wp\/v2\/users\/1"}],"replies":[{"embeddable":true,"href":"http:\/\/sedeftasimacilik.com\/index.php?rest_route=%2Fwp%2Fv2%2Fcomments&post=724"}],"version-history":[{"count":1,"href":"http:\/\/sedeftasimacilik.com\/index.php?rest_route=\/wp\/v2\/pages\/724\/revisions"}],"predecessor-version":[{"id":727,"href":"http:\/\/sedeftasimacilik.com\/index.php?rest_route=\/wp\/v2\/pages\/724\/revisions\/727"}],"wp:featuredmedia":[{"embeddable":true,"href":"http:\/\/sedeftasimacilik.com\/index.php?rest_route=\/wp\/v2\/media\/719"}],"wp:attachment":[{"href":"http:\/\/sedeftasimacilik.com\/index.php?rest_route=%2Fwp%2Fv2%2Fmedia&parent=724"}],"curies":[{"name":"wp","href":"https:\/\/api.w.org\/{rel}","templated":true}]}}