{"id":728,"date":"2022-02-08T16:28:52","date_gmt":"2022-02-08T16:28:52","guid":{"rendered":"http:\/\/sedeftasimacilik.com\/?page_id=728"},"modified":"2022-02-08T16:28:53","modified_gmt":"2022-02-08T16:28:53","slug":"araclarimiz","status":"publish","type":"page","link":"http:\/\/sedeftasimacilik.com\/?page_id=728","title":{"rendered":"Ara\u00e7lar\u0131m\u0131z"},"content":{"rendered":"\n<p>Sedef Turizm, hizmet verdi\u011fi personel ve \u00f6\u011frenci ta\u015f\u0131mac\u0131l\u0131\u011f\u0131nda deneyimli kadro ve g\u00fcvenli s\u00fcr\u00fc\u015f kadar, ara\u00e7lar\u0131n\u0131n da uluslararas\u0131 g\u00fcvenlik \u00f6l\u00e7\u00fctlerinde olmas\u0131na \u00f6zen g\u00f6stermektedir. Firma b\u00fcnyesinde yer alan t\u00fcm ara\u00e7lar 0-3 ya\u015f aras\u0131 olup, konforlu i\u00e7 donan\u0131m, klima, tv, koltuk d\u00f6\u015feme gibi \u00f6zellikleri sabit olarak bulundurmaktad\u0131r.<\/p>\n\n\n\n<p>Sedef Turizm b\u00fcnyesinde hizmet veren ara\u00e7lar\u0131n yasal muayene s\u00fcreleri d\u0131\u015f\u0131nda firmaya ait oto servislerinde d\u00fczenli olarak periyodik bak\u0131mlar\u0131, g\u00fcnl\u00fck temizlikleri yap\u0131lmakta, resmi kurumlardan onayl\u0131 yol belgeleri ile hizmet vermesi sa\u011flanmaktad\u0131r.<\/p>\n\n\n\n<p>Personel ve \u00f6\u011frenci ta\u015f\u0131mac\u0131l\u0131\u011f\u0131nda kullan\u0131lan ara\u00e7larda her yolcu i\u00e7in emniyet kemeri, 2 adet yang\u0131n t\u00fcp\u00fc, sa\u011fl\u0131k \u00e7antas\u0131, suni hava solunum cihaz\u0131, zincir, \u00e7ekme halat\u0131 bulunmaktad\u0131r.<\/p>\n\n\n\n<p>Sedef Turizm, ta\u015f\u0131mac\u0131l\u0131\u011f\u0131n\u0131 yapt\u0131\u011f\u0131 her personel i\u00e7in ferdi koltuk sigortas\u0131 g\u00fcvencesi vermenin yan\u0131nda olas\u0131 bir kaza durumunda yolcular\u0131 i\u00e7in \u00f6zel sa\u011fl\u0131k ve ambulans hizmeti sa\u011flamaktad\u0131r.<\/p>\n","protected":false},"excerpt":{"rendered":"<p>Sedef Turizm, hizmet verdi\u011fi personel ve \u00f6\u011frenci ta\u015f\u0131mac\u0131l\u0131\u011f\u0131nda deneyimli kadro ve g\u00fcvenli s\u00fcr\u00fc\u015f kadar, ara\u00e7lar\u0131n\u0131n da uluslararas\u0131 g\u00fcvenlik \u00f6l\u00e7\u00fctlerinde olmas\u0131na \u00f6zen g\u00f6stermektedir. Firma b\u00fcnyesinde<\/p>\n","protected":false},"author":1,"featured_media":0,"parent":0,"menu_order":0,"comment_status":"closed","ping_status":"closed","template":"","meta":{"footnotes":""},"class_list":["post-728","page","type-page","status-publish","hentry"],"_links":{"self":[{"href":"http:\/\/sedeftasimacilik.com\/index.php?rest_route=\/wp\/v2\/pages\/728","targetHints":{"allow":["GET"]}}],"collection":[{"href":"http:\/\/sedeftasimacilik.com\/index.php?rest_route=\/wp\/v2\/pages"}],"about":[{"href":"http:\/\/sedeftasimacilik.com\/index.php?rest_route=\/wp\/v2\/types\/page"}],"author":[{"embeddable":true,"href":"http:\/\/sedeftasimacilik.com\/index.php?rest_route=\/wp\/v2\/users\/1"}],"replies":[{"embeddable":true,"href":"http:\/\/sedeftasimacilik.com\/index.php?rest_route=%2Fwp%2Fv2%2Fcomments&post=728"}],"version-history":[{"count":1,"href":"http:\/\/sedeftasimacilik.com\/index.php?rest_route=\/wp\/v2\/pages\/728\/revisions"}],"predecessor-version":[{"id":731,"href":"http:\/\/sedeftasimacilik.com\/index.php?rest_route=\/wp\/v2\/pages\/728\/revisions\/731"}],"wp:attachment":[{"href":"http:\/\/sedeftasimacilik.com\/index.php?rest_route=%2Fwp%2Fv2%2Fmedia&parent=728"}],"curies":[{"name":"wp","href":"https:\/\/api.w.org\/{rel}","templated":true}]}}