{"id":732,"date":"2022-02-08T16:34:48","date_gmt":"2022-02-08T16:34:48","guid":{"rendered":"http:\/\/sedeftasimacilik.com\/?page_id=732"},"modified":"2022-02-08T16:34:49","modified_gmt":"2022-02-08T16:34:49","slug":"egitimlerimiz","status":"publish","type":"page","link":"http:\/\/sedeftasimacilik.com\/?page_id=732","title":{"rendered":"E\u011fitimlerimiz"},"content":{"rendered":"\n<p>Sedef Turizm, olarak \u00e7al\u0131\u015fan personellerimizin sorumluluk sahibi, kendine g\u00fcvenen bireyler olarak yeti\u015ftirerek, sosyal, k\u00fclt\u00fcrel ve ekonomik ihtiya\u00e7lar\u0131n\u0131 kar\u015f\u0131layan, g\u00fcn\u00fcn teknolojisini kullanarak kaliteli mesleki ve teknik e\u011fitim ortamlar\u0131 haz\u0131rlayan kurumuz.\u00a0<\/p>\n\n\n\n<p><strong>\u0130\u015f sa\u011fl\u0131\u011f\u0131 ve g\u00fcvenli\u011fi E\u011fitimleri&nbsp;<\/strong><\/p>\n\n\n\n<p>Sedef turizm olarak amac\u0131m\u0131z sadece maliyet ve ta\u015f\u0131ma de\u011fildir. \u00d6ncelikle hedefimiz g\u00fczel,sa\u011fl\u0131kl\u0131, g\u00fcvenilir ve planl\u0131 \u015fekilde hizmet vermektir. Biz personellerin ve \u00f6\u011frencilemizin daha g\u00fcvenilir ve sa\u011fl\u0131kl\u0131 bir \u015fekilde ta\u015f\u0131ma yap\u0131labilmesi i\u00e7in s\u00fcr\u00fcc\u00fclerimize i\u015f sa\u011fl\u0131\u011f\u0131 ve g\u00fcvenli\u011fi e\u011fitimleri vermekteyiz.\u00a0\u00a0<\/p>\n\n\n\n<p><strong>\u00c7evre Belgesi<\/strong>&nbsp;<\/p>\n\n\n\n<p>\u00c7evrenin korunmas\u0131 ve geli\u015ftirilmesi konusunda geli\u015ftirilen \u00e7abalar\u0131n amac\u0131, insanlar\u0131n daha sa\u011fl\u0131kl\u0131 ve g\u00fcvenli bir \u00e7evrede ya\u015famas\u0131d\u0131r. Sedef turizm olarak do\u011fan\u0131n ve \u00e7evrenin korunmas\u0131 taraf\u0131nday\u0131z. Bunu i\u00e7in s\u00fcr\u00fcc\u00fclerimize e\u011fitimler vermekteyiz.\u00a0<\/p>\n\n\n\n<figure class=\"wp-block-image size-large\"><img loading=\"lazy\" decoding=\"async\" width=\"1024\" height=\"574\" src=\"http:\/\/sedeftasimacilik.com\/wp-content\/uploads\/2022\/02\/5e2335df0b4a6164523ecc01c75c8ec9-9000x9000-1-1024x574.jpg\" alt=\"\" class=\"wp-image-733\" srcset=\"http:\/\/sedeftasimacilik.com\/wp-content\/uploads\/2022\/02\/5e2335df0b4a6164523ecc01c75c8ec9-9000x9000-1-1024x574.jpg 1024w, http:\/\/sedeftasimacilik.com\/wp-content\/uploads\/2022\/02\/5e2335df0b4a6164523ecc01c75c8ec9-9000x9000-1-300x168.jpg 300w, http:\/\/sedeftasimacilik.com\/wp-content\/uploads\/2022\/02\/5e2335df0b4a6164523ecc01c75c8ec9-9000x9000-1-768x431.jpg 768w, http:\/\/sedeftasimacilik.com\/wp-content\/uploads\/2022\/02\/5e2335df0b4a6164523ecc01c75c8ec9-9000x9000-1-1536x861.jpg 1536w, http:\/\/sedeftasimacilik.com\/wp-content\/uploads\/2022\/02\/5e2335df0b4a6164523ecc01c75c8ec9-9000x9000-1-715x400.jpg 715w, http:\/\/sedeftasimacilik.com\/wp-content\/uploads\/2022\/02\/5e2335df0b4a6164523ecc01c75c8ec9-9000x9000-1.jpg 1600w\" sizes=\"auto, (max-width: 1024px) 100vw, 1024px\" \/><\/figure>\n","protected":false},"excerpt":{"rendered":"<p>Sedef Turizm, olarak \u00e7al\u0131\u015fan personellerimizin sorumluluk sahibi, kendine g\u00fcvenen bireyler olarak yeti\u015ftirerek, sosyal, k\u00fclt\u00fcrel ve ekonomik ihtiya\u00e7lar\u0131n\u0131 kar\u015f\u0131layan, g\u00fcn\u00fcn teknolojisini kullanarak kaliteli mesleki ve<\/p>\n","protected":false},"author":1,"featured_media":0,"parent":0,"menu_order":0,"comment_status":"closed","ping_status":"closed","template":"","meta":{"footnotes":""},"class_list":["post-732","page","type-page","status-publish","hentry"],"_links":{"self":[{"href":"http:\/\/sedeftasimacilik.com\/index.php?rest_route=\/wp\/v2\/pages\/732","targetHints":{"allow":["GET"]}}],"collection":[{"href":"http:\/\/sedeftasimacilik.com\/index.php?rest_route=\/wp\/v2\/pages"}],"about":[{"href":"http:\/\/sedeftasimacilik.com\/index.php?rest_route=\/wp\/v2\/types\/page"}],"author":[{"embeddable":true,"href":"http:\/\/sedeftasimacilik.com\/index.php?rest_route=\/wp\/v2\/users\/1"}],"replies":[{"embeddable":true,"href":"http:\/\/sedeftasimacilik.com\/index.php?rest_route=%2Fwp%2Fv2%2Fcomments&post=732"}],"version-history":[{"count":1,"href":"http:\/\/sedeftasimacilik.com\/index.php?rest_route=\/wp\/v2\/pages\/732\/revisions"}],"predecessor-version":[{"id":736,"href":"http:\/\/sedeftasimacilik.com\/index.php?rest_route=\/wp\/v2\/pages\/732\/revisions\/736"}],"wp:attachment":[{"href":"http:\/\/sedeftasimacilik.com\/index.php?rest_route=%2Fwp%2Fv2%2Fmedia&parent=732"}],"curies":[{"name":"wp","href":"https:\/\/api.w.org\/{rel}","templated":true}]}}