{"id":815,"date":"2022-02-16T19:13:57","date_gmt":"2022-02-16T19:13:57","guid":{"rendered":"http:\/\/sedeftasimacilik.com\/?page_id=815"},"modified":"2022-02-16T19:15:21","modified_gmt":"2022-02-16T19:15:21","slug":"iletisim","status":"publish","type":"page","link":"http:\/\/sedeftasimacilik.com\/?page_id=815","title":{"rendered":"\u0130LET\u0130\u015e\u0130M"},"content":{"rendered":"\n<p class=\"has-white-color has-vivid-red-background-color has-text-color has-background has-large-font-size\"><strong>HAKKI BEY   0535 312 8764<\/strong><\/p>\n\n\n\n<figure class=\"wp-block-image size-full\"><img loading=\"lazy\" decoding=\"async\" width=\"650\" height=\"344\" src=\"http:\/\/sedeftasimacilik.com\/wp-content\/uploads\/2022\/02\/650x344-sahibinden-musteri-hizmetleri-telefon-numarasi-kac-sahibinden-cagri-merkezi-1553491932251.jpg\" alt=\"\" class=\"wp-image-816\" srcset=\"http:\/\/sedeftasimacilik.com\/wp-content\/uploads\/2022\/02\/650x344-sahibinden-musteri-hizmetleri-telefon-numarasi-kac-sahibinden-cagri-merkezi-1553491932251.jpg 650w, http:\/\/sedeftasimacilik.com\/wp-content\/uploads\/2022\/02\/650x344-sahibinden-musteri-hizmetleri-telefon-numarasi-kac-sahibinden-cagri-merkezi-1553491932251-300x159.jpg 300w\" sizes=\"auto, (max-width: 650px) 100vw, 650px\" \/><\/figure>\n\n\n\n<p><\/p>\n","protected":false},"excerpt":{"rendered":"<p>HAKKI BEY 0535 312 8764<\/p>\n","protected":false},"author":1,"featured_media":817,"parent":0,"menu_order":0,"comment_status":"closed","ping_status":"closed","template":"","meta":{"footnotes":""},"class_list":["post-815","page","type-page","status-publish","has-post-thumbnail","hentry"],"_links":{"self":[{"href":"http:\/\/sedeftasimacilik.com\/index.php?rest_route=\/wp\/v2\/pages\/815","targetHints":{"allow":["GET"]}}],"collection":[{"href":"http:\/\/sedeftasimacilik.com\/index.php?rest_route=\/wp\/v2\/pages"}],"about":[{"href":"http:\/\/sedeftasimacilik.com\/index.php?rest_route=\/wp\/v2\/types\/page"}],"author":[{"embeddable":true,"href":"http:\/\/sedeftasimacilik.com\/index.php?rest_route=\/wp\/v2\/users\/1"}],"replies":[{"embeddable":true,"href":"http:\/\/sedeftasimacilik.com\/index.php?rest_route=%2Fwp%2Fv2%2Fcomments&post=815"}],"version-history":[{"count":2,"href":"http:\/\/sedeftasimacilik.com\/index.php?rest_route=\/wp\/v2\/pages\/815\/revisions"}],"predecessor-version":[{"id":821,"href":"http:\/\/sedeftasimacilik.com\/index.php?rest_route=\/wp\/v2\/pages\/815\/revisions\/821"}],"wp:featuredmedia":[{"embeddable":true,"href":"http:\/\/sedeftasimacilik.com\/index.php?rest_route=\/wp\/v2\/media\/817"}],"wp:attachment":[{"href":"http:\/\/sedeftasimacilik.com\/index.php?rest_route=%2Fwp%2Fv2%2Fmedia&parent=815"}],"curies":[{"name":"wp","href":"https:\/\/api.w.org\/{rel}","templated":true}]}}